{"id":2,"date":"2024-01-14T22:53:42","date_gmt":"2024-01-14T21:53:42","guid":{"rendered":"http:\/\/api5962.fr\/?page_id=2"},"modified":"2024-01-27T19:33:03","modified_gmt":"2024-01-27T18:33:03","slug":"page-d-exemple","status":"publish","type":"page","link":"https:\/\/api5962.fr\/index.php\/page-d-exemple\/","title":{"rendered":"L&#8217;API 59 62"},"content":{"rendered":"\r\n<h5><img loading=\"lazy\" decoding=\"async\" class=\"alignnone size-medium wp-image-550\" style=\"font-size: 16px;\" src=\"http:\/\/api5962.fr\/wp-content\/uploads\/2024\/01\/Benvenuti-300x95.jpg\" alt=\"\" width=\"300\" height=\"95\" srcset=\"https:\/\/api5962.fr\/wp-content\/uploads\/2024\/01\/Benvenuti-300x95.jpg 300w, https:\/\/api5962.fr\/wp-content\/uploads\/2024\/01\/Benvenuti-1024x325.jpg 1024w, https:\/\/api5962.fr\/wp-content\/uploads\/2024\/01\/Benvenuti-768x243.jpg 768w, https:\/\/api5962.fr\/wp-content\/uploads\/2024\/01\/Benvenuti-1536x487.jpg 1536w, https:\/\/api5962.fr\/wp-content\/uploads\/2024\/01\/Benvenuti.jpg 1543w\" sizes=\"auto, (max-width: 300px) 100vw, 300px\" \/><\/h5>\r\n<h5>Voici la page qui vous permet de contacter l&#8217;API 59 62.<\/h5>\r\n<h5>\r\n\r\n<\/h5>\r\n<h5>Vous y trouverez la composition du bureau ainsi que le mot du pr\u00e9sident ainsi que les modalit\u00e9s et liens pour nous contacter et\/ou adh\u00e9rer \u00e0 l&#8217;association des professeurs d&#8217;italien du Nord Pas de Calais.<\/h5>\r\n\r\n\r\n\r\n<p>N&#8217;h\u00e9sitez pas \u00e0 nous contacter nous sommes preneurs de toutes les id\u00e9es que vous nous proposerez.<\/p>\r\n<p>[metaslider id=590]<\/p>\r\n","protected":false},"excerpt":{"rendered":"<p>Voici la page qui vous permet de contacter l&#8217;API 59 62. Vous y trouverez la composition du bureau ainsi que<\/p>\n","protected":false},"author":1,"featured_media":0,"parent":0,"menu_order":0,"comment_status":"closed","ping_status":"open","template":"","meta":{"colormag_page_container_layout":"default_layout","colormag_page_sidebar_layout":"default_layout","footnotes":""},"class_list":["post-2","page","type-page","status-publish","hentry"],"_links":{"self":[{"href":"https:\/\/api5962.fr\/index.php\/wp-json\/wp\/v2\/pages\/2","targetHints":{"allow":["GET"]}}],"collection":[{"href":"https:\/\/api5962.fr\/index.php\/wp-json\/wp\/v2\/pages"}],"about":[{"href":"https:\/\/api5962.fr\/index.php\/wp-json\/wp\/v2\/types\/page"}],"author":[{"embeddable":true,"href":"https:\/\/api5962.fr\/index.php\/wp-json\/wp\/v2\/users\/1"}],"replies":[{"embeddable":true,"href":"https:\/\/api5962.fr\/index.php\/wp-json\/wp\/v2\/comments?post=2"}],"version-history":[{"count":8,"href":"https:\/\/api5962.fr\/index.php\/wp-json\/wp\/v2\/pages\/2\/revisions"}],"predecessor-version":[{"id":756,"href":"https:\/\/api5962.fr\/index.php\/wp-json\/wp\/v2\/pages\/2\/revisions\/756"}],"wp:attachment":[{"href":"https:\/\/api5962.fr\/index.php\/wp-json\/wp\/v2\/media?parent=2"}],"curies":[{"name":"wp","href":"https:\/\/api.w.org\/{rel}","templated":true}]}}