{"id":305,"date":"2024-01-18T15:37:49","date_gmt":"2024-01-18T14:37:49","guid":{"rendered":"https:\/\/api5962.fr\/?page_id=305"},"modified":"2024-01-27T21:20:14","modified_gmt":"2024-01-27T20:20:14","slug":"coins-dinspection","status":"publish","type":"page","link":"https:\/\/api5962.fr\/index.php\/coins-dinspection\/","title":{"rendered":"Dict\u00e9e europ\u00e9enne"},"content":{"rendered":"<p style=\"text-align: center;\">\u00c0 l\u2019occasion de la <strong>Journ\u00e9e europ\u00e9enne des langues<\/strong> qui a lieu <strong>chaque ann\u00e9e le 26 septembre<\/strong><\/p>\n<p style=\"text-align: center;\">la Repr\u00e9sentation de la<strong> Commission europ\u00e9enne en France<\/strong> organise sa d\u00e9sormais <strong>traditionnelle dict\u00e9e multilingue<\/strong> <em>(en allemand, anglais, espagnol, et italien)<\/em><\/p>\n<p style=\"text-align: center;\"><em>destin\u00e9e aux \u00e9l\u00e8ves de langues vivantes \u00e9trang\u00e8res des coll\u00e8ges et lyc\u00e9es,<\/em> afin d\u2019encourager l\u2019apprentissage des langues et la d\u00e9couverte d\u2019autres cultures.<\/p>\n<p style=\"text-align: center;\"><img loading=\"lazy\" decoding=\"async\" class=\"\" src=\"https:\/\/www.fondation-alliancefr.org\/wp-content\/uploads\/JEDL-FR.jpg\" alt=\"Ce lundi 26 septembre 2022, f\u00eatons ensemble la Journ\u00e9e europ\u00e9enne des  langues ! - Fondation des Alliances Fran\u00e7aisesFondation des Alliances  Fran\u00e7aises\" width=\"512\" height=\"288\"><\/p>\n<h3 style=\"text-align: center;\">La semaine du lundi 25 septembre au vendredi 29 septembre<\/h3>\n<blockquote>\n<h3 style=\"text-align: center;\"><strong>Coll\u00e8ge<\/strong> &#8211; version lente<\/h3>\n<\/blockquote>\n<p style=\"text-align: center;\">Version normale<\/p>\n<p style=\"text-align: center;\">Script<\/p>\n<p style=\"text-align: center;\"><em>Niveau A1 (coll\u00e8ge) : <\/em><\/p>\n<p style=\"text-align: center;\"><strong>Mi chiamo Sofia.<\/strong><\/p>\n<p style=\"text-align: center;\">Mi chiamo Sofia. Ho 35 anni. Mio marito si chiama Alessandro e ha 36 anni. La mia famiglia \u00e8 composta in tutto da cinque persone. Io e mio marito abbiamo tre figli.<\/p>\n<p style=\"text-align: center;\">Viviamo in un piccolo paese di campagna, in una bella casa con un cortile. I nostri tre figli si chiamano Andrea, Martina e Giacomo. Andrea frequenta l&#8217;asilo, Martina e Giacomo frequentano le scuole elementari. I miei tre figli amano giocare a tanti giochi diversi nel cortile.<\/p>\n<p style=\"text-align: center;\">I genitori di mio marito vivono lontano da qui, in citt\u00e0. I miei genitori invece abitano vicino a noi, nello stesso paese. Vogliono molto bene ai nostri tre figli e spesso si occupano di loro.<\/p>\n<p style=\"text-align: center;\">Sono molto felice della mia famiglia!<\/p>\n<p style=\"text-align: center;\">&nbsp;<\/p>\n<blockquote>\n<h3 style=\"text-align: center;\"><strong>Lyc\u00e9e<\/strong> &#8211; version lente<\/h3>\n<\/blockquote>\n<p style=\"text-align: center;\">Version normale<\/p>\n<p style=\"text-align: center;\">Script<\/p>\n<p style=\"text-align: center;\"><em>Niveau B1 (lyc\u00e9e) :<\/em><\/p>\n<p style=\"text-align: center;\"><strong>Feste popolari in Italia.<\/strong><\/p>\n<p style=\"text-align: center;\">Durante l\u2019anno, da Nord a Sud Italia, si festeggiano numerose feste popolari che spesso hanno origini antichissime. Molte feste, infatti, nascono come riti celebrati in onore delle divinit\u00e0 pagane per chiedere il loro sostegno e aiuto riguardo, ad esempio, ai raccolti agricoli, ai viaggi in mare o alla fertilit\u00e0.<\/p>\n<p style=\"text-align: center;\">Con il cristianesimo gli d\u00e8i furono sostituiti dai santi e infatti oggi molte feste popolari sono legate al nome di un santo, oppure vengono chiamate sagre quando sono legate al cibo.<\/p>\n<p style=\"text-align: center;\">Le feste e le sagre durano diversi giorni e tutto il quartiere si riempie di vita con bancarelle che vendono di tutto, giostre per i bambini, spettacoli di musica e danza. Nel pomeriggio i devoti partecipano alle processioni in onore del santo per poi passeggiare tra i banchetti, i bambini mangiano le caramelle e giocano. La sera si assiste agli spettacoli, si canta e si balla.<\/p>\n","protected":false},"excerpt":{"rendered":"<p>\u00c0 l\u2019occasion de la Journ\u00e9e europ\u00e9enne des langues qui a lieu chaque ann\u00e9e le 26 septembre la Repr\u00e9sentation de la<\/p>\n","protected":false},"author":2,"featured_media":0,"parent":0,"menu_order":0,"comment_status":"closed","ping_status":"closed","template":"","meta":{"colormag_page_container_layout":"default_layout","colormag_page_sidebar_layout":"default_layout","footnotes":""},"class_list":["post-305","page","type-page","status-publish","hentry"],"_links":{"self":[{"href":"https:\/\/api5962.fr\/index.php\/wp-json\/wp\/v2\/pages\/305","targetHints":{"allow":["GET"]}}],"collection":[{"href":"https:\/\/api5962.fr\/index.php\/wp-json\/wp\/v2\/pages"}],"about":[{"href":"https:\/\/api5962.fr\/index.php\/wp-json\/wp\/v2\/types\/page"}],"author":[{"embeddable":true,"href":"https:\/\/api5962.fr\/index.php\/wp-json\/wp\/v2\/users\/2"}],"replies":[{"embeddable":true,"href":"https:\/\/api5962.fr\/index.php\/wp-json\/wp\/v2\/comments?post=305"}],"version-history":[{"count":6,"href":"https:\/\/api5962.fr\/index.php\/wp-json\/wp\/v2\/pages\/305\/revisions"}],"predecessor-version":[{"id":778,"href":"https:\/\/api5962.fr\/index.php\/wp-json\/wp\/v2\/pages\/305\/revisions\/778"}],"wp:attachment":[{"href":"https:\/\/api5962.fr\/index.php\/wp-json\/wp\/v2\/media?parent=305"}],"curies":[{"name":"wp","href":"https:\/\/api.w.org\/{rel}","templated":true}]}}