{"id":77,"date":"2024-01-17T18:47:08","date_gmt":"2024-01-17T17:47:08","guid":{"rendered":"https:\/\/api5962.fr\/?page_id=77"},"modified":"2024-01-27T20:51:41","modified_gmt":"2024-01-27T19:51:41","slug":"expositions","status":"publish","type":"page","link":"https:\/\/api5962.fr\/index.php\/expositions\/","title":{"rendered":"Expositions"},"content":{"rendered":"<h1><strong>FORUM DES SCIENCES<\/strong><\/h1>\n<p><a href=\"http:\/\/FORUM DES SCIENCES\" data-wplink-url-error=\"true\">https:\/\/forumdepartementaldessciences.fr\/activites\/leonard-de-vincia-la-croisee-des-arts-et-des-sciences\/<\/a><\/p>\n<p><img loading=\"lazy\" decoding=\"async\" src=\"https:\/\/lilleculture.fr\/wp-content\/uploads\/2023\/09\/affiche-officielle-fds-expo-leonard-de-vinci-web.jpg\" alt=\"Exposition - L\u00e9onard de Vinci, \u00e0 la crois\u00e9e des Arts et des Sciences - Sorties culturelles \u00e0 Lille\" width=\"486\" height=\"687\" \/><\/p>\n<h4>L\u2019exposition se pr\u00e9sente sous forme d\u2019un circuit explorant l\u2019univers de L\u00e9onard de Vinci :<\/h4>\n<p><b>\u2022 L\u00e9onard de Vinci, peintre<\/b><br \/><b>\u2022 L\u00e9onard de Vinci, architecte et urbaniste<\/b><br \/><b>\u2022 L\u00e9onard de Vinci, ing\u00e9nieur civil et militaire<\/b><br \/><b>\u2022 L\u00e9onard de Vinci, l\u2019art du vol<\/b><br \/><b>\u2022 L\u00e9onard de Vinci et l\u2019anatomie<\/b><br \/><b>\u2022 L\u2019h\u00e9ritage de L\u00e9onard de Vinci<\/b><\/p>\n<p>Durant votre visite, vous d\u00e9couvrirez comment L\u00e9onard de Vinci, par sa vision humaniste, incarne l\u2019esprit de son \u00e9poque, la Renaissance, pr\u00e9mices de l\u2019histoire moderne.<\/p>\n<h3>Horaires p\u00e9riodes scolaires<\/h3>\n<p><b>EXPOSITION d\u00e8s 7 ans (enfants et adultes)<\/b><\/p>\n<p><strong>Mercredi, samedi, dimanche et jours f\u00e9ri\u00e9s<\/strong><br \/>de 14h \u00e0 18h<br \/><strong>Vendredi<\/strong><br \/>de 14h \u00e0 17h30<br \/><em>S\u00e9ances \u00e0 14h15, 14h45, 15h15, 15h45, 16h15 et 16h45<br \/>Visite libre toutes les trente minutes \u00e0 partir de 14h15<\/em><\/p>\n<p><strong>1er dimanche du mois (gratuit)<\/strong><br \/>de 11h \u00e0 18h<\/p>\n<p><em><strong>R\u00e9servation possible : 03 59 73 96 00<\/strong><\/em><\/p>\n<h3>Les tarifs familles<br \/>&amp; individuels<\/h3>\n<p><strong>Exposition<\/strong><br \/>Tarif plein : 8 \u20ac<br \/>Tarif r\u00e9duit : gratuit<br \/>1er dimanche du mois : gratuit<br \/>Gratuit pour les moins de 26 ans<\/p>\n<p>\u00a0<\/p>\n","protected":false},"excerpt":{"rendered":"<p>FORUM DES SCIENCES https:\/\/forumdepartementaldessciences.fr\/activites\/leonard-de-vincia-la-croisee-des-arts-et-des-sciences\/ L\u2019exposition se pr\u00e9sente sous forme d\u2019un circuit explorant l\u2019univers de L\u00e9onard de Vinci : \u2022 L\u00e9onard<\/p>\n","protected":false},"author":1,"featured_media":0,"parent":0,"menu_order":0,"comment_status":"closed","ping_status":"closed","template":"","meta":{"colormag_page_container_layout":"default_layout","colormag_page_sidebar_layout":"default_layout","footnotes":""},"class_list":["post-77","page","type-page","status-publish","hentry"],"_links":{"self":[{"href":"https:\/\/api5962.fr\/index.php\/wp-json\/wp\/v2\/pages\/77","targetHints":{"allow":["GET"]}}],"collection":[{"href":"https:\/\/api5962.fr\/index.php\/wp-json\/wp\/v2\/pages"}],"about":[{"href":"https:\/\/api5962.fr\/index.php\/wp-json\/wp\/v2\/types\/page"}],"author":[{"embeddable":true,"href":"https:\/\/api5962.fr\/index.php\/wp-json\/wp\/v2\/users\/1"}],"replies":[{"embeddable":true,"href":"https:\/\/api5962.fr\/index.php\/wp-json\/wp\/v2\/comments?post=77"}],"version-history":[{"count":8,"href":"https:\/\/api5962.fr\/index.php\/wp-json\/wp\/v2\/pages\/77\/revisions"}],"predecessor-version":[{"id":773,"href":"https:\/\/api5962.fr\/index.php\/wp-json\/wp\/v2\/pages\/77\/revisions\/773"}],"wp:attachment":[{"href":"https:\/\/api5962.fr\/index.php\/wp-json\/wp\/v2\/media?parent=77"}],"curies":[{"name":"wp","href":"https:\/\/api.w.org\/{rel}","templated":true}]}}