{"id":899,"date":"2024-01-28T16:01:26","date_gmt":"2024-01-28T15:01:26","guid":{"rendered":"https:\/\/api5962.fr\/?page_id=899"},"modified":"2024-01-28T16:21:44","modified_gmt":"2024-01-28T15:21:44","slug":"899-2","status":"publish","type":"page","link":"https:\/\/api5962.fr\/index.php\/899-2\/","title":{"rendered":"Coll\u00e8ge et socle commun"},"content":{"rendered":"<h3 class=\"post-title entry-title\" style=\"text-align: center;\">Programmes et documents d\u2019accompagnement \u2013 Coll\u00e8ge et socle commun<\/h3>\n<p><img loading=\"lazy\" decoding=\"async\" class=\"aligncenter\" src=\"https:\/\/www.education.gouv.fr\/sites\/default\/files\/2020-08\/infographie---le-socle-commun-de-connaissances-de-comp-tences-et-de-culture-70564.jpg\" alt=\"Le socle commun de connaissances, de comp\u00e9tences et de culture | Minist\u00e8re de l'Education Nationale, de la Jeunesse, des Sports et des Jeux Olympiques et Paralympiques\" width=\"325\" height=\"791\"><\/p>\n<p style=\"text-align: center;\"><span class=\"entry-cat\">Class\u00e9 dans TEXTES OFFICIELS<\/span><\/p>\n<div class=\"entry-content clearfix\">\n<p style=\"text-align: center;\"><a href=\"https:\/\/www.pedagogie.ac-nice.fr\/italien\/wp-content\/uploads\/sites\/44\/2021\/01\/Socle_commun_de_connaissances_de_competences_et_de_culture_415456.pdf\"><strong>Socle commun de connaissances, de comp\u00e9tences et de culture<\/strong><\/a><\/p>\n<p style=\"text-align: center;\">[dflip id=&#8221;906&#8243;][\/dflip]<\/p>\n<p style=\"text-align: center;\"><a href=\"https:\/\/www.dailymotion.com\/video\/x2neach\"><em>le socle commun en vid\u00e9o<\/em><\/a><\/p>\n<p style=\"text-align: center;\"><strong>Attendus de fin d\u2019ann\u00e9e en coll\u00e8ge (6\u00e8me \u2013 5\u00e8me \u2013 4\u00e8me \u2013 3\u00e8me)<\/strong><\/p>\n<p style=\"text-align: center;\"><a href=\"https:\/\/www.pedagogie.ac-nice.fr\/italien\/wp-content\/uploads\/sites\/44\/2023\/05\/italien-5e-attendus.pdf\">en fin de 5\u00e8me<\/a><\/p>\n<p style=\"text-align: center;\"><a href=\"https:\/\/www.pedagogie.ac-nice.fr\/italien\/wp-content\/uploads\/sites\/44\/2023\/10\/italien_4e_attendus_v3.pdf\">en fin de 4\u00e8me<\/a><\/p>\n<p style=\"text-align: center;\"><a href=\"https:\/\/www.pedagogie.ac-nice.fr\/italien\/wp-content\/uploads\/sites\/44\/2022\/12\/lv-italien_3e_attendus.pdf\">en fin de 3\u00e8me<\/a><\/p>\n<p style=\"text-align: center;\"><a href=\"https:\/\/www.pedagogie.ac-nice.fr\/italien\/2022\/12\/15\/reperes-de-progressivite-en-lv-et-en-italien-au-cycle-4\/\"><strong>Rep\u00e8res de progression en LV et en italien au cycle 4<\/strong><\/a><\/p>\n<\/div>\n","protected":false},"excerpt":{"rendered":"<p>Programmes et documents d\u2019accompagnement \u2013 Coll\u00e8ge et socle commun Class\u00e9 dans TEXTES OFFICIELS Socle commun de connaissances, de comp\u00e9tences et<\/p>\n","protected":false},"author":2,"featured_media":0,"parent":0,"menu_order":0,"comment_status":"closed","ping_status":"closed","template":"page-templates\/page-builder.php","meta":{"colormag_page_container_layout":"no_sidebar_content_centered","colormag_page_sidebar_layout":"no_sidebar","footnotes":""},"class_list":["post-899","page","type-page","status-publish","hentry"],"_links":{"self":[{"href":"https:\/\/api5962.fr\/index.php\/wp-json\/wp\/v2\/pages\/899","targetHints":{"allow":["GET"]}}],"collection":[{"href":"https:\/\/api5962.fr\/index.php\/wp-json\/wp\/v2\/pages"}],"about":[{"href":"https:\/\/api5962.fr\/index.php\/wp-json\/wp\/v2\/types\/page"}],"author":[{"embeddable":true,"href":"https:\/\/api5962.fr\/index.php\/wp-json\/wp\/v2\/users\/2"}],"replies":[{"embeddable":true,"href":"https:\/\/api5962.fr\/index.php\/wp-json\/wp\/v2\/comments?post=899"}],"version-history":[{"count":4,"href":"https:\/\/api5962.fr\/index.php\/wp-json\/wp\/v2\/pages\/899\/revisions"}],"predecessor-version":[{"id":912,"href":"https:\/\/api5962.fr\/index.php\/wp-json\/wp\/v2\/pages\/899\/revisions\/912"}],"wp:attachment":[{"href":"https:\/\/api5962.fr\/index.php\/wp-json\/wp\/v2\/media?parent=899"}],"curies":[{"name":"wp","href":"https:\/\/api.w.org\/{rel}","templated":true}]}}