{"id":91,"date":"2024-01-17T21:39:39","date_gmt":"2024-01-17T20:39:39","guid":{"rendered":"https:\/\/api5962.fr\/?page_id=91"},"modified":"2024-03-03T21:14:33","modified_gmt":"2024-03-03T20:14:33","slug":"le-mot-du-president","status":"publish","type":"page","link":"https:\/\/api5962.fr\/index.php\/page-d-exemple\/le-mot-du-president\/","title":{"rendered":"Le bureau et le mot du pr\u00e9sident"},"content":{"rendered":"\r\n<h3 style=\"text-align: center;\"><span style=\"color: #993366;\">ORGANIGRAMME BUREAU API 2023\/24<\/span><\/h3>\r\n<h3 style=\"text-align: center;\"><span style=\"color: #000000;\">Pr\u00e9sident : Jean-Luc BOUKO<\/span><\/h3>\r\n<h4 style=\"text-align: center;\"><span style=\"color: #000000;\"><img loading=\"lazy\" decoding=\"async\" class=\"wp-image-573 aligncenter\" style=\"color: #333333; font-size: 16px;\" src=\"http:\/\/api5962.fr\/wp-content\/uploads\/2024\/01\/equipe-asso.jpg\" alt=\"\" width=\"310\" height=\"251\" srcset=\"https:\/\/api5962.fr\/wp-content\/uploads\/2024\/01\/equipe-asso.jpg 1300w, https:\/\/api5962.fr\/wp-content\/uploads\/2024\/01\/equipe-asso-300x243.jpg 300w, https:\/\/api5962.fr\/wp-content\/uploads\/2024\/01\/equipe-asso-1024x831.jpg 1024w, https:\/\/api5962.fr\/wp-content\/uploads\/2024\/01\/equipe-asso-768x623.jpg 768w\" sizes=\"auto, (max-width: 310px) 100vw, 310px\" \/>Vice-Pr\u00e9sidente : Amandine QUIEVRYN<\/span><\/h4>\r\n<h5 style=\"text-align: center;\"><span style=\"color: #000000;\">Tr\u00e9sorier : Nicolas LONJON<\/span><\/h5>\r\n<h5 style=\"text-align: center;\"><span style=\"color: #000000;\">Tr\u00e9sorier adjoint : Ettore GRANDONI<\/span><\/h5>\r\n<h5 style=\"text-align: center;\"><span style=\"color: #000000;\">Secr\u00e9taire : Martina GERI<\/span><\/h5>\r\n<h5 style=\"text-align: center;\"><span style=\"color: #000000;\">Secr\u00e9taire adjoint : Sergio FONTANA<\/span><\/h5>\r\n<ul class=\"wp-block-list\">\r\n<li style=\"list-style-type: none;\">\r\n<ul>\r\n\r\n\r\n\r\n<\/ul>\r\n<\/li>\r\n<\/ul>\r\n<ul>\r\n\r\n<\/ul>\r\n<p><!-- \/wp:post-content -->\r\n\r\n<!-- wp:paragraph {\"align\":\"center\"} --><\/p>\r\n<h4 class=\"has-text-align-center\" style=\"text-align: center;\"><strong> <img loading=\"lazy\" decoding=\"async\" class=\"aligncenter\" src=\"https:\/\/cdn.pixabay.com\/photo\/2015\/10\/30\/12\/18\/teacher-1013970_1280.jpg\" alt=\"Insegnante, Insegnare, Imparare\" width=\"197\" height=\"197\"><span style=\"color: #993366;\">&nbsp; LE MOT DU PRESIDENT<\/span><\/strong><\/h4>\r\n<h5 style=\"text-align: center;\"><em>Ch\u00e8res et chers coll\u00e8gues, <\/em><br><br><em>Nous sommes heureux de vous pr\u00e9senter le nouveau site de notre Association des Professeurs d\u2019Italien de l&#8217;Acad\u00e9mie 59-62.<\/em><\/h5>\r\n<h5 style=\"text-align: center;\"><em>C&#8217;est un travail collectif et nous tenons \u00e0 remercier Sergio Fontana, Amandine Qui\u00e9vryn, Chiara Canesi et In\u00e8s Vincent pour cette premi\u00e8re version.&nbsp;<\/em><\/h5>\r\n<h5 style=\"text-align: center;\"><strong>Il est clair qu&#8217;il reste encore beaucoup de choses \u00e0 faire, il y a peut-\u00eatre aussi des coquilles, des impr\u00e9cisions&#8230;n&#8217;h\u00e9sitez pas \u00e0 nous en faire part.<\/strong><br><br><strong>Pour les manques, faites-nous des suggestions, nous ne pouvons pas tout conna\u00eetre.<\/strong><\/h5>\r\n<p>&nbsp;<\/p>\r\n<h5 style=\"text-align: center;\"><span style=\"color: #ff9900;\"><strong style=\"font-size: 16px;\"><img loading=\"lazy\" decoding=\"async\" class=\"\" src=\"https:\/\/media.istockphoto.com\/id\/1222201628\/fr\/vectoriel\/%C3%A9quipe-de-figure-de-b%C3%A2ton-avec-un-signe-de-chantier-de-construction.jpg?s=612x612&amp;w=0&amp;k=20&amp;c=9-71F9oukxhjKLQJsgy8fUseoXO4Y_8iI3BbfwrNK4M=\" alt=\"\u00e9quipe de figure de b\u00e2ton avec un signe de chantier de construction - Illustration vectorielle\" width=\"114\" height=\"148\"><\/strong><\/span><\/h5>\r\n<h4 style=\"text-align: center;\"><span style=\"color: #ff9900;\"><strong>Prochaine \u00e9tape<\/strong> : <span style=\"color: #000000;\">mise en place d&#8217;un concours acad\u00e9mique sur le mod\u00e8le de <\/span><\/span><a href=\"https:\/\/api5962.fr\/index.php\/concours-italien-dans-lacademie\/\"><strong><span style=\"color: #ff9900;\">Conos<\/span><\/strong><\/a><strong style=\"font-size: 16px;\"><span style=\"color: #ff9900;\">ci l&#8217;Italia <\/span>?&nbsp;<\/strong><\/h4>\r\n<h5 style=\"text-align: center;\"><em>Que j&#8217;avais mis en place pour la France enti\u00e8re, il y a quelques ann\u00e9es.<\/em><\/h5>\r\n<h3 style=\"text-align: center;\"><em><strong>Jean-Luc Bouko<\/strong><\/em><\/h3>\r\n<p>&nbsp;<\/p>\r\n<p>&nbsp;<\/p>\r\n<p>&nbsp;<\/p>\r\n<p>&nbsp;<\/p>\r\n<p><!-- \/wp:paragraph --><\/p>","protected":false},"excerpt":{"rendered":"<p>ORGANIGRAMME BUREAU API 2023\/24 Pr\u00e9sident : Jean-Luc BOUKO Vice-Pr\u00e9sidente : Amandine QUIEVRYN Tr\u00e9sorier : Nicolas LONJON Tr\u00e9sorier adjoint : Ettore<\/p>\n","protected":false},"author":1,"featured_media":0,"parent":2,"menu_order":0,"comment_status":"closed","ping_status":"closed","template":"","meta":{"colormag_page_container_layout":"default_layout","colormag_page_sidebar_layout":"default_layout","footnotes":""},"class_list":["post-91","page","type-page","status-publish","hentry"],"_links":{"self":[{"href":"https:\/\/api5962.fr\/index.php\/wp-json\/wp\/v2\/pages\/91","targetHints":{"allow":["GET"]}}],"collection":[{"href":"https:\/\/api5962.fr\/index.php\/wp-json\/wp\/v2\/pages"}],"about":[{"href":"https:\/\/api5962.fr\/index.php\/wp-json\/wp\/v2\/types\/page"}],"author":[{"embeddable":true,"href":"https:\/\/api5962.fr\/index.php\/wp-json\/wp\/v2\/users\/1"}],"replies":[{"embeddable":true,"href":"https:\/\/api5962.fr\/index.php\/wp-json\/wp\/v2\/comments?post=91"}],"version-history":[{"count":20,"href":"https:\/\/api5962.fr\/index.php\/wp-json\/wp\/v2\/pages\/91\/revisions"}],"predecessor-version":[{"id":1220,"href":"https:\/\/api5962.fr\/index.php\/wp-json\/wp\/v2\/pages\/91\/revisions\/1220"}],"up":[{"embeddable":true,"href":"https:\/\/api5962.fr\/index.php\/wp-json\/wp\/v2\/pages\/2"}],"wp:attachment":[{"href":"https:\/\/api5962.fr\/index.php\/wp-json\/wp\/v2\/media?parent=91"}],"curies":[{"name":"wp","href":"https:\/\/api.w.org\/{rel}","templated":true}]}}